{"id":158,"date":"2017-04-25T11:55:41","date_gmt":"2017-04-25T15:55:41","guid":{"rendered":"https:\/\/myleneriva.ca\/?page_id=158"},"modified":"2025-07-09T12:57:28","modified_gmt":"2025-07-09T16:57:28","slug":"research","status":"publish","type":"page","link":"https:\/\/myleneriva.ca\/fr\/research\/","title":{"rendered":"Recherches"},"content":{"rendered":"<h2>\n\t\t\tRecherches\t<\/h2>\n\t<p>Current research activities of the group are broadly embedded within the themes of: housing, health, energy and health, and food insecurity and housing. Research projects are developed and conducted in collaboration with community organizations, including Indigenous and non Indigenous organizations responsible for public health, housing, and community planning and development. Scientific activities are conducted within an integrated <a href=\"http:\/\/www.cihr-irsc.gc.ca\/e\/45321.html\">l'application des connaissances (iKT)<\/a> dans lequel les utilisateurs des connaissances, par exemple les d\u00e9cideurs des organisations autochtones, sont impliqu\u00e9s dans toutes les \u00e9tapes du processus de recherche, de la d\u00e9finition des questions de recherche \u00e0 la diffusion des connaissances. De cette mani\u00e8re, les r\u00e9sultats g\u00e9n\u00e9r\u00e9s par les projets sont cens\u00e9s combler les lacunes de connaissances identifi\u00e9es par les organisations afin d'\u00e9clairer le d\u00e9veloppement, la mise en \u0153uvre, la port\u00e9e et l'efficacit\u00e9 des politiques actuelles et futures en mati\u00e8re de sant\u00e9 publique, de logement et de planification communautaire. Le fait de travailler dans le cadre d'un projet iKT permet de traduire en temps r\u00e9el les r\u00e9sultats de la recherche pour soutenir la prise de d\u00e9cision et la politique.<\/p>\n\t<h4>Photo de l'en-t\u00eate: Dr. Marie Baron<\/h4>","protected":false},"excerpt":{"rendered":"<p>Research Current research activities of the group are broadly embedded within the themes of: housing, health, energy and health, and food insecurity and housing. Research projects are developed and conducted in collaboration with community organizations, including Indigenous and non Indigenous organizations responsible for public health, housing, and community planning and development. Scientific activities are conducted [&hellip;]<\/p>\n","protected":false},"author":1,"featured_media":0,"parent":0,"menu_order":0,"comment_status":"closed","ping_status":"closed","template":"elementor_header_footer","meta":{"ocean_post_layout":"","ocean_both_sidebars_style":"","ocean_both_sidebars_content_width":0,"ocean_both_sidebars_sidebars_width":0,"ocean_sidebar":"0","ocean_second_sidebar":"0","ocean_disable_margins":"enable","ocean_add_body_class":"","ocean_shortcode_before_top_bar":"","ocean_shortcode_after_top_bar":"","ocean_shortcode_before_header":"","ocean_shortcode_after_header":"","ocean_has_shortcode":"","ocean_shortcode_after_title":"","ocean_shortcode_before_footer_widgets":"","ocean_shortcode_after_footer_widgets":"","ocean_shortcode_before_footer_bottom":"","ocean_shortcode_after_footer_bottom":"","ocean_display_top_bar":"default","ocean_display_header":"default","ocean_header_style":"","ocean_center_header_left_menu":"0","ocean_custom_header_template":"0","ocean_custom_logo":0,"ocean_custom_retina_logo":0,"ocean_custom_logo_max_width":0,"ocean_custom_logo_tablet_max_width":0,"ocean_custom_logo_mobile_max_width":0,"ocean_custom_logo_max_height":0,"ocean_custom_logo_tablet_max_height":0,"ocean_custom_logo_mobile_max_height":0,"ocean_header_custom_menu":"0","ocean_menu_typo_font_family":"0","ocean_menu_typo_font_subset":"","ocean_menu_typo_font_size":0,"ocean_menu_typo_font_size_tablet":0,"ocean_menu_typo_font_size_mobile":0,"ocean_menu_typo_font_size_unit":"px","ocean_menu_typo_font_weight":"","ocean_menu_typo_font_weight_tablet":"","ocean_menu_typo_font_weight_mobile":"","ocean_menu_typo_transform":"","ocean_menu_typo_transform_tablet":"","ocean_menu_typo_transform_mobile":"","ocean_menu_typo_line_height":0,"ocean_menu_typo_line_height_tablet":0,"ocean_menu_typo_line_height_mobile":0,"ocean_menu_typo_line_height_unit":"","ocean_menu_typo_spacing":0,"ocean_menu_typo_spacing_tablet":0,"ocean_menu_typo_spacing_mobile":0,"ocean_menu_typo_spacing_unit":"","ocean_menu_link_color":"","ocean_menu_link_color_hover":"","ocean_menu_link_color_active":"","ocean_menu_link_background":"","ocean_menu_link_hover_background":"","ocean_menu_link_active_background":"","ocean_menu_social_links_bg":"","ocean_menu_social_hover_links_bg":"","ocean_menu_social_links_color":"","ocean_menu_social_hover_links_color":"","ocean_disable_title":"default","ocean_disable_heading":"default","ocean_post_title":"","ocean_post_subheading":"","ocean_post_title_style":"","ocean_post_title_background_color":"","ocean_post_title_background":0,"ocean_post_title_bg_image_position":"","ocean_post_title_bg_image_attachment":"","ocean_post_title_bg_image_repeat":"","ocean_post_title_bg_image_size":"","ocean_post_title_height":0,"ocean_post_title_bg_overlay":0.5,"ocean_post_title_bg_overlay_color":"","ocean_disable_breadcrumbs":"default","ocean_breadcrumbs_color":"","ocean_breadcrumbs_separator_color":"","ocean_breadcrumbs_links_color":"","ocean_breadcrumbs_links_hover_color":"","ocean_display_footer_widgets":"default","ocean_display_footer_bottom":"default","ocean_custom_footer_template":"0","ofc_meta_disable_footer_callout":"","ofc_meta_callout_button_url":"","ofc_meta_callout_button_txt":"","ofc_meta_callout_text":"","ofc_enable_fullscreen":"disable","ofc_fullscreen_speed":0,"ofc_fullscreen_nav":"enable","ofc_fullscreen_nav_pos":"right","ofc_fullscreen_nav_color":"","ofc_fullscreen_nav_tooltip_color":"","ofc_fullscreen_responsive":0,"osp_disable_panel":"default","osh_disable_topbar_sticky":"default","osh_disable_header_sticky":"default","osh_sticky_header_style":"default","osh_sticky_header_effect":"","osh_custom_sticky_logo":0,"osh_custom_retina_sticky_logo":0,"osh_custom_sticky_logo_height":0,"osh_background_color":"","osh_links_color":"","osh_links_hover_color":"","osh_links_active_color":"","osh_links_bg_color":"","osh_links_hover_bg_color":"","osh_links_active_bg_color":"","osh_menu_social_links_color":"","osh_menu_social_hover_links_color":"","footnotes":""},"class_list":["post-158","page","type-page","status-publish","hentry","entry"],"_links":{"self":[{"href":"https:\/\/myleneriva.ca\/fr\/wp-json\/wp\/v2\/pages\/158","targetHints":{"allow":["GET"]}}],"collection":[{"href":"https:\/\/myleneriva.ca\/fr\/wp-json\/wp\/v2\/pages"}],"about":[{"href":"https:\/\/myleneriva.ca\/fr\/wp-json\/wp\/v2\/types\/page"}],"author":[{"embeddable":true,"href":"https:\/\/myleneriva.ca\/fr\/wp-json\/wp\/v2\/users\/1"}],"replies":[{"embeddable":true,"href":"https:\/\/myleneriva.ca\/fr\/wp-json\/wp\/v2\/comments?post=158"}],"version-history":[{"count":38,"href":"https:\/\/myleneriva.ca\/fr\/wp-json\/wp\/v2\/pages\/158\/revisions"}],"predecessor-version":[{"id":2576,"href":"https:\/\/myleneriva.ca\/fr\/wp-json\/wp\/v2\/pages\/158\/revisions\/2576"}],"wp:attachment":[{"href":"https:\/\/myleneriva.ca\/fr\/wp-json\/wp\/v2\/media?parent=158"}],"curies":[{"name":"wp","href":"https:\/\/api.w.org\/{rel}","templated":true}]}}