{"id":164,"date":"2017-04-25T11:55:41","date_gmt":"2017-04-25T15:55:41","guid":{"rendered":"https:\/\/myleneriva.ca\/?page_id=164"},"modified":"2025-12-11T16:50:11","modified_gmt":"2025-12-11T21:50:11","slug":"publications","status":"publish","type":"page","link":"https:\/\/myleneriva.ca\/fr\/publications\/","title":{"rendered":"Publications"},"content":{"rendered":"<h2>Publications<\/h2>\n\t\n<h2>S\u00e9lection de publications \u00e9valu\u00e9es par des pairs depuis 2014<\/h2>\n<p><em>(Names of trainees under Prof. Riva&#8217;s supervision are underlined.)<\/em><\/p>\n<ol>\n<li><u data-olk-copy-source=\"MessageBody\">Debann\u00e9, L.<\/u>,\u00a0<b>Riva, M<\/b>.,\u00a0<u>Bertheussen, M.<\/u>, MacDonald, G., Das, R., &amp;\u00a0<u>Kutuka, S.<\/u>\u00a0(2024). Measuring the use of energy poverty coping strategies and the heat-or-eat trade-off in Bridgewater, Nova Scotia. Canadian Geographies \/ G\u00e9ographies Canadiennes, 69(1), e12967.\u00a0<a title=\"URL d'origine: https:\/\/doi.org\/10.1111\/cag.12967. Cliquez ou appuyez si vous faites confiance \u00e0 ce lien.\" href=\"https:\/\/can01.safelinks.protection.outlook.com\/?url=https%3A%2F%2Fdoi.org%2F10.1111%2Fcag.12967&amp;data=05%7C02%7Cines.lamothe-katrapani%40mail.mcgill.ca%7Cf2de05b83af74d37e32a08de32857935%7Ccd31967152e74a68afa9fcf8f89f09ea%7C0%7C0%7C639003746018995599%7CUnknown%7CTWFpbGZsb3d8eyJFbXB0eU1hcGkiOnRydWUsIlYiOiIwLjAuMDAwMCIsIlAiOiJXaW4zMiIsIkFOIjoiTWFpbCIsIldUIjoyfQ%3D%3D%7C0%7C%7C%7C&amp;sdata=I%2BIKI2kn9luPjGrJgFbK%2FvWDcOeOfrkYQdg2b7oLgy4%3D&amp;reserved=0\" target=\"_blank\" rel=\"noopener noreferrer\" data-auth=\"NotApplicable\" data-linkindex=\"0\">Https:\/\/doi.org\/10.1111\/cag.12967<\/a><\/li>\n<li><strong>Riva, M<\/strong>., Debann\u00e9, L., Kutuka, S., Bertheussen, M., O&#8217;Sullivan, K. C., &amp; Das, R. R. (2024). <a href=\"https:\/\/www.sciencedirect.com\/science\/article\/pii\/S2214629624003001\">Energy poverty and well-being at the local level: Insights from a community-wide survey in Atlantic Canada \u00bb<\/a>.\u00a0<i>Energy Research &amp; Social Science<\/i>,\u00a0<i>117<\/i>, 103709.<\/li>\n<li>Bertheussen, M., <strong>Riva, M<\/strong>., Jock, B. W. I., Fletcher, C., Ayotte, P., Muckle, G., Poliakova, N., &amp; B\u00e9langer, R. (2024). <a href=\"https:\/\/www.tandfonline.com\/doi\/full\/10.1080\/22423982.2024.2322186\">Using latent class analysis to operationalize a wholistic assessment of Inuit health and well-being<\/a>.\u00a0<i>International Journal of Circumpolar Health<\/i>,\u00a0<i>83<\/i>(1), 2322186.<\/li>\n<li>Malenfant, J., &amp;\u00a0Brais, H. (2023). <a href=\"https:\/\/www-tandfonline-com.proxy3.library.mcgill.ca\/doi\/full\/10.1080\/14036096.2023.2282654?scroll=top&amp;needAccess=true\">An Anarchist Approach to Addressing Housing Precarity: Implementing Anarchist Strategies to Program Efforts for Housing Justice<\/a>.\u00a0<em>Housing, Theory and Society,\u00a0<\/em>DOI: 10.1080\/14036096.2023.2282654.<\/li>\n<li><strong>Riva, M<\/strong>., Kingunza Makasi, S., O&#8217;Sullivan, K. C., Das, R. R., Dufresne, P., Kaiser, D., &amp; Breau, S. (2023). <a href=\"https:\/\/ojs.lib.uwo.ca\/index.php\/ijoh\/article\/view\/14196\">Energy poverty: an overlooked determinant of health and climate resilience in Canada<\/a>.\u00a0<i>Canadian Journal of Public Health<\/i>, 1-10.<\/li>\n<li>Brais, H., &amp; Maurer, K. (2022). <a href=\"https:\/\/ojs.lib.uwo.ca\/index.php\/ijoh\/article\/view\/14196\/11611\">Inside the Open Door: Considerations of Inclusivity Among Women Accessing an Open Door Housing Service in Canada \u00bb<\/a>.\u00a0<i>International Journal on Homelessness<\/i>, 1-15.<\/li>\n<li><strong>Riva, M.<\/strong>, Makasi, S. K., Dufresne, P., O&#8217;Sullivan, K., &amp; Toth, M. (2021). <a href=\"https:\/\/www.sciencedirect.com\/science\/article\/abs\/pii\/S2214629621003303?fbclid=IwAR1r0z3gQ9wdqpEuNIr7LPfDKr2catCimmpPqhqiYpjObzVXUXFqcXmfJFQ\">Energy poverty in Canada: Prevalence, social and spatial distribution, and implications for research and policy<\/a>.\u00a0<i>Energy Research &amp; Social Science<\/i>,\u00a0<i>81<\/i>, 102237.<\/li>\n<li>Myette, E., &amp; <strong>Riva, M.<\/strong> (2021). <a href=\"https:\/\/doi.org\/10.1016\/j.exis.2021.100901\" target=\"_blank\" rel=\"noopener\">Surveying the complex social-ecological pathways between resource extraction and Indigenous Peoples&#8217; health in Canada: A scoping review with a realist perspective<\/a>. The Extractive Industries and Society, 100901.<\/li>\n<li>Baron, M., <strong>Riva, M.<\/strong>, Fletcher, C., Lynch, M., Lyonnais, M. C., &amp; Sidi, E. A. L. (2021). <a href=\"https:\/\/link.springer.com\/article\/10.1007\/s11205-020-02592-5\" target=\"_blank\" rel=\"noopener\">Conceptualisation and Operationalisation of a Holistic Indicator of Health for Older Inuit: Results of a Sequential Mixed-Methods Project<\/a>. <em>Social Indicators Research<\/em>, 1-26.<\/li>\n<li>Mah, S.M., Sanmartin, C., <strong>Riva, M.<\/strong>, Dasgupta, K., &amp; Ross, N.A. (2020). <a href=\"https:\/\/bmjopen.bmj.com\/content\/10\/11\/e035942.full\" target=\"_blank\" rel=\"noopener\">Active living environments, physical activity and premature cardiometabolic mortality in Canada: a nationwide cohort study<\/a>.\u00a0<i>BMJ Open<\/i>, <em>10<\/em>(11).<\/li>\n<li>Schiff, R., Buccieri, K., Schiff, J. W., Kauppi, C., &amp; <strong>Riva, M.<\/strong> (2020). <a href=\"https:\/\/link.springer.com\/article\/10.17269\/s41997-020-00415-1\" target=\"_blank\" rel=\"noopener\">COVID-19 and pandemic planning in the context of rural and remote homelessness<\/a>.\u00a0<i>Canadian Journal of Public Health<\/i>, 1-4.<\/li>\n<li>Adamou, T. Y., <strong>Riva, M.<\/strong>, Muckle, G., Sidi, E. A. L., Lemire, M., &amp; Ayotte, P. (2020). <a href=\"https:\/\/www.sciencedirect.com\/science\/article\/pii\/S0048969720340171\" target=\"_blank\" rel=\"noopener\">Blood mercury and plasma polychlorinated biphenyls concentrations in pregnant Inuit women from Nunavik: Temporal trends, 1992-2017<\/a>.\u00a0<i>Science of The Total Environment<\/i>, 140495.<\/li>\n<li>Hansen, C. B., Larsen, C. V., Bjerregaard, P., &amp; <strong>Riva, M.<\/strong> (2020). <a href=\"https:\/\/journals.sagepub.com\/doi\/10.1177\/1403494820929496\" target=\"_blank\" rel=\"noopener\">The effect of household crowding and composition on health in an Inuit cohort in Greenland<\/a>.\u00a0<i>Scandinavian Journal of Public Health<\/i>, 1403494820929496.<\/li>\n<li>Baron, M., Fletcher, C., &amp; <strong>Riva, M.<\/strong> (2020). <a href=\"https:\/\/link.springer.com\/article\/10.1007%2Fs10823-020-09398-5\" target=\"_blank\" rel=\"noopener\">Aging, Health and Place from the Perspective of Elders in an Inuit Community<\/a>.\u00a0<i>Journal of Cross-Cultural Gerontology<\/i>, 1-21.<\/li>\n<li><strong>Riva, M.<\/strong>, Perreault, K., Dufresne, P., Fletcher, C., Muckle, G., Potvin, L., Bailie, R., &amp; Baron, M. (2020). <a href=\"https:\/\/www.tandfonline.com\/doi\/full\/10.1080\/02673037.2020.1739233\" target=\"_blank\" rel=\"noopener\">Social housing construction and improvements in housing outcomes for Inuit in Northern Canada<\/a>.\u00a0<i>Housing Studies<\/i>, 1-21.<\/li>\n<li>Perreault, K., <strong>Riva, M.<\/strong>, Dufresne, P., &amp; Fletcher, C. (2020). <a href=\"https:\/\/www.tandfonline.com\/doi\/full\/10.1080\/02673037.2019.1602720?casa_token=dksESviK9UIAAAAA%3ApSmK4Z-EleojU2RgHASDAYIUqRN0tfXJEq9S34sxD1h7rjUHlW1yfoDkS7Qz_YH380S2IjYnX4U\" target=\"_blank\" rel=\"noopener\">Overcrowding and sense of home in the Canadian Arctic<\/a>.\u00a0<i>Housing Studies<\/i>,\u00a0<i>35<\/i>(2), 353-375.<\/li>\n<li><strong>Riva, M.<\/strong>, Fletcher, C., Dufresne, P., Perreault, K., Muckle, G., Potvin, L., &amp; Bailie, R. S. (2020). <a href=\"https:\/\/link.springer.com\/article\/10.17269\/s41997-019-00249-6\" target=\"_blank\" rel=\"noopener\">Relocating to a new or pre-existing social housing unit: significant health improvements for Inuit adults in Nunavik and Nunavut<\/a>.\u00a0<i>Canadian Journal of Public Health<\/i>,\u00a0<i>111<\/i>(1), 21-30.<\/li>\n<li>Maurice, A., Lavoie, M., Hamel, D., &amp; <strong>Riva, M.<\/strong> (2020). <a href=\"https:\/\/doi.org\/10.24095\/hpcdp.40.1.02f\" target=\"_blank\" rel=\"noopener\">Recherche quantitative originale &#8211; Adoption d&#8217;un r\u00e8glement municipal pour obliger les moins de 18 ans \u00e0 porter un casque \u00e0 v\u00e9lo: effet sur la pratique du v\u00e9lo et le port du casque<\/a>. <i>Promotion de la sant\u00e9 et pr\u00e9vention des maladies chroniques au Canada<\/i>.<\/li>\n<\/ol>","protected":false},"excerpt":{"rendered":"<p>Publications Selected peer-reviewed publications since 2014 (Names of trainees under Prof. Riva&#8217;s supervision are underlined.) Debann\u00e9, L.,\u00a0Riva, M.,\u00a0Bertheussen, M., MacDonald, G., Das, R., &amp;\u00a0Kutuka, S.\u00a0(2024). Measuring the use of energy poverty coping strategies and the heat-or-eat trade-off in Bridgewater, Nova Scotia. Canadian Geographies \/ G\u00e9ographies Canadiennes, 69(1), e12967.\u00a0Https:\/\/doi.org\/10.1111\/cag.12967 Riva, M., Debann\u00e9, L., Kutuka, S., Bertheussen, [&hellip;]<\/p>\n","protected":false},"author":1,"featured_media":0,"parent":0,"menu_order":0,"comment_status":"closed","ping_status":"closed","template":"elementor_header_footer","meta":{"ocean_post_layout":"","ocean_both_sidebars_style":"","ocean_both_sidebars_content_width":0,"ocean_both_sidebars_sidebars_width":0,"ocean_sidebar":"0","ocean_second_sidebar":"0","ocean_disable_margins":"enable","ocean_add_body_class":"","ocean_shortcode_before_top_bar":"","ocean_shortcode_after_top_bar":"","ocean_shortcode_before_header":"","ocean_shortcode_after_header":"","ocean_has_shortcode":"","ocean_shortcode_after_title":"","ocean_shortcode_before_footer_widgets":"","ocean_shortcode_after_footer_widgets":"","ocean_shortcode_before_footer_bottom":"","ocean_shortcode_after_footer_bottom":"","ocean_display_top_bar":"default","ocean_display_header":"default","ocean_header_style":"","ocean_center_header_left_menu":"0","ocean_custom_header_template":"0","ocean_custom_logo":0,"ocean_custom_retina_logo":0,"ocean_custom_logo_max_width":0,"ocean_custom_logo_tablet_max_width":0,"ocean_custom_logo_mobile_max_width":0,"ocean_custom_logo_max_height":0,"ocean_custom_logo_tablet_max_height":0,"ocean_custom_logo_mobile_max_height":0,"ocean_header_custom_menu":"0","ocean_menu_typo_font_family":"0","ocean_menu_typo_font_subset":"","ocean_menu_typo_font_size":0,"ocean_menu_typo_font_size_tablet":0,"ocean_menu_typo_font_size_mobile":0,"ocean_menu_typo_font_size_unit":"px","ocean_menu_typo_font_weight":"","ocean_menu_typo_font_weight_tablet":"","ocean_menu_typo_font_weight_mobile":"","ocean_menu_typo_transform":"","ocean_menu_typo_transform_tablet":"","ocean_menu_typo_transform_mobile":"","ocean_menu_typo_line_height":0,"ocean_menu_typo_line_height_tablet":0,"ocean_menu_typo_line_height_mobile":0,"ocean_menu_typo_line_height_unit":"","ocean_menu_typo_spacing":0,"ocean_menu_typo_spacing_tablet":0,"ocean_menu_typo_spacing_mobile":0,"ocean_menu_typo_spacing_unit":"","ocean_menu_link_color":"","ocean_menu_link_color_hover":"","ocean_menu_link_color_active":"","ocean_menu_link_background":"","ocean_menu_link_hover_background":"","ocean_menu_link_active_background":"","ocean_menu_social_links_bg":"","ocean_menu_social_hover_links_bg":"","ocean_menu_social_links_color":"","ocean_menu_social_hover_links_color":"","ocean_disable_title":"default","ocean_disable_heading":"default","ocean_post_title":"","ocean_post_subheading":"","ocean_post_title_style":"","ocean_post_title_background_color":"","ocean_post_title_background":0,"ocean_post_title_bg_image_position":"","ocean_post_title_bg_image_attachment":"","ocean_post_title_bg_image_repeat":"","ocean_post_title_bg_image_size":"","ocean_post_title_height":0,"ocean_post_title_bg_overlay":0.5,"ocean_post_title_bg_overlay_color":"","ocean_disable_breadcrumbs":"default","ocean_breadcrumbs_color":"","ocean_breadcrumbs_separator_color":"","ocean_breadcrumbs_links_color":"","ocean_breadcrumbs_links_hover_color":"","ocean_display_footer_widgets":"default","ocean_display_footer_bottom":"default","ocean_custom_footer_template":"0","ofc_meta_disable_footer_callout":"","ofc_meta_callout_button_url":"","ofc_meta_callout_button_txt":"","ofc_meta_callout_text":"","ofc_enable_fullscreen":"disable","ofc_fullscreen_speed":0,"ofc_fullscreen_nav":"enable","ofc_fullscreen_nav_pos":"right","ofc_fullscreen_nav_color":"","ofc_fullscreen_nav_tooltip_color":"","ofc_fullscreen_responsive":0,"osp_disable_panel":"default","osh_disable_topbar_sticky":"default","osh_disable_header_sticky":"default","osh_sticky_header_style":"default","osh_sticky_header_effect":"","osh_custom_sticky_logo":0,"osh_custom_retina_sticky_logo":0,"osh_custom_sticky_logo_height":0,"osh_background_color":"","osh_links_color":"","osh_links_hover_color":"","osh_links_active_color":"","osh_links_bg_color":"","osh_links_hover_bg_color":"","osh_links_active_bg_color":"","osh_menu_social_links_color":"","osh_menu_social_hover_links_color":"","footnotes":""},"class_list":["post-164","page","type-page","status-publish","hentry","entry"],"_links":{"self":[{"href":"https:\/\/myleneriva.ca\/fr\/wp-json\/wp\/v2\/pages\/164","targetHints":{"allow":["GET"]}}],"collection":[{"href":"https:\/\/myleneriva.ca\/fr\/wp-json\/wp\/v2\/pages"}],"about":[{"href":"https:\/\/myleneriva.ca\/fr\/wp-json\/wp\/v2\/types\/page"}],"author":[{"embeddable":true,"href":"https:\/\/myleneriva.ca\/fr\/wp-json\/wp\/v2\/users\/1"}],"replies":[{"embeddable":true,"href":"https:\/\/myleneriva.ca\/fr\/wp-json\/wp\/v2\/comments?post=164"}],"version-history":[{"count":11,"href":"https:\/\/myleneriva.ca\/fr\/wp-json\/wp\/v2\/pages\/164\/revisions"}],"predecessor-version":[{"id":2604,"href":"https:\/\/myleneriva.ca\/fr\/wp-json\/wp\/v2\/pages\/164\/revisions\/2604"}],"wp:attachment":[{"href":"https:\/\/myleneriva.ca\/fr\/wp-json\/wp\/v2\/media?parent=164"}],"curies":[{"name":"wp","href":"https:\/\/api.w.org\/{rel}","templated":true}]}}