{"id":2330,"date":"2024-09-16T10:22:21","date_gmt":"2024-09-16T14:22:21","guid":{"rendered":"https:\/\/myleneriva.ca\/?page_id=2330"},"modified":"2024-09-18T14:13:04","modified_gmt":"2024-09-18T18:13:04","slug":"prospective-students","status":"publish","type":"page","link":"https:\/\/myleneriva.ca\/fr\/prospective-students\/","title":{"rendered":"Futurs \u00e9tudiants"},"content":{"rendered":"<h2>Futurs<br \/>\n\u00c9tudiants<\/h2>\n\t<p>Vous trouverez ci-dessous les informations que j'aimerais recevoir lors d'une premi\u00e8re demande par courriel. Un financement initial peut \u00eatre disponible, mais il est attendu des \u00e9tudiants qu'ils recherchent \u00e9galement des sources de soutien externes.<\/p>\n<hr \/>\n<h3><strong>Futurs \u00e9tudiants en master et les stagiaires postdoctoraux :<\/strong><\/h3>\n<p>Contactez-moi le plus t\u00f4t possible pour discuter de vos int\u00e9r\u00eats de recherche, de l'ad\u00e9quation et de la faisabilit\u00e9. En outre, veuillez consulter le \u00ab <a href=\"http:\/\/www.mcgill.ca\/geography\/graduate\" target=\"_blank\" rel=\"noopener\" data-saferedirecturl=\"https:\/\/www.google.com\/url?hl=en&amp;q=http:\/\/www.mcgill.ca\/geography\/graduate&amp;source=gmail&amp;ust=1507736372376000&amp;usg=AFQjCNG9vCKPXj3xkfr1h0yE2Zuqh88zUg\">Geography Graduate Program<\/a> \u00bb pour obtenir des informations sur le processus d'admission et les normes et crit\u00e8res d'admission. Veuillez consulter le site web des admissions aux \u00e9tudes sup\u00e9rieures pour conna\u00eetre les dates limites les plus r\u00e9centes.<\/p>\n<h3><strong>When contacting me as a prospective student, please include all of the following in your email:<\/strong><\/h3>\n<ul>\n<li>\n<ul>\n<li>Un paragraphe ou deux sur vos int\u00e9r\u00eats de recherche et le(s) sujet(s) que vous aimeriez explorer<\/li>\n<li>Une copie de votre CV<\/li>\n<li>Une copie de votre (vos) relev\u00e9(s) de notes (version non officielle accept\u00e9e)<\/li>\n<\/ul>\n<\/li>\n<\/ul>\n<p>&nbsp;<\/p>\n<hr \/>\n<h3><em><a href=\"mailto:mylene.riva@mcgill.ca\">Cliquez ici pour envoyer un courriel \u00e0 la professeure Riva<\/a><\/em><\/h3>\n<hr \/>\n\t<h4>Header Photo: <a href=\"https:\/\/www.flickr.com\/photos\/bilodeau\/8718262092\/\" target=\"_blank\" rel=\"noopener\">Edward Bilodeau<\/a><\/h4>","protected":false},"excerpt":{"rendered":"<p>Prospective Students Please see below for the information that I would like to receive with an initial email inquiry. Some initial funding may be available, but students are expected to additionally pursue external sources of support. Prospective graduate students and postdoctoral trainees: Contact me as early as possible to discuss research interests, suitability, and feasibility. [&hellip;]<\/p>\n","protected":false},"author":10,"featured_media":698,"parent":0,"menu_order":0,"comment_status":"closed","ping_status":"closed","template":"elementor_header_footer","meta":{"ocean_post_layout":"","ocean_both_sidebars_style":"","ocean_both_sidebars_content_width":0,"ocean_both_sidebars_sidebars_width":0,"ocean_sidebar":"0","ocean_second_sidebar":"0","ocean_disable_margins":"enable","ocean_add_body_class":"","ocean_shortcode_before_top_bar":"","ocean_shortcode_after_top_bar":"","ocean_shortcode_before_header":"","ocean_shortcode_after_header":"","ocean_has_shortcode":"","ocean_shortcode_after_title":"","ocean_shortcode_before_footer_widgets":"","ocean_shortcode_after_footer_widgets":"","ocean_shortcode_before_footer_bottom":"","ocean_shortcode_after_footer_bottom":"","ocean_display_top_bar":"default","ocean_display_header":"default","ocean_header_style":"","ocean_center_header_left_menu":"0","ocean_custom_header_template":"0","ocean_custom_logo":0,"ocean_custom_retina_logo":0,"ocean_custom_logo_max_width":0,"ocean_custom_logo_tablet_max_width":0,"ocean_custom_logo_mobile_max_width":0,"ocean_custom_logo_max_height":0,"ocean_custom_logo_tablet_max_height":0,"ocean_custom_logo_mobile_max_height":0,"ocean_header_custom_menu":"0","ocean_menu_typo_font_family":"0","ocean_menu_typo_font_subset":"","ocean_menu_typo_font_size":0,"ocean_menu_typo_font_size_tablet":0,"ocean_menu_typo_font_size_mobile":0,"ocean_menu_typo_font_size_unit":"px","ocean_menu_typo_font_weight":"","ocean_menu_typo_font_weight_tablet":"","ocean_menu_typo_font_weight_mobile":"","ocean_menu_typo_transform":"","ocean_menu_typo_transform_tablet":"","ocean_menu_typo_transform_mobile":"","ocean_menu_typo_line_height":0,"ocean_menu_typo_line_height_tablet":0,"ocean_menu_typo_line_height_mobile":0,"ocean_menu_typo_line_height_unit":"","ocean_menu_typo_spacing":0,"ocean_menu_typo_spacing_tablet":0,"ocean_menu_typo_spacing_mobile":0,"ocean_menu_typo_spacing_unit":"","ocean_menu_link_color":"","ocean_menu_link_color_hover":"","ocean_menu_link_color_active":"","ocean_menu_link_background":"","ocean_menu_link_hover_background":"","ocean_menu_link_active_background":"","ocean_menu_social_links_bg":"","ocean_menu_social_hover_links_bg":"","ocean_menu_social_links_color":"","ocean_menu_social_hover_links_color":"","ocean_disable_title":"default","ocean_disable_heading":"default","ocean_post_title":"","ocean_post_subheading":"","ocean_post_title_style":"","ocean_post_title_background_color":"","ocean_post_title_background":0,"ocean_post_title_bg_image_position":"","ocean_post_title_bg_image_attachment":"","ocean_post_title_bg_image_repeat":"","ocean_post_title_bg_image_size":"","ocean_post_title_height":0,"ocean_post_title_bg_overlay":0.5,"ocean_post_title_bg_overlay_color":"","ocean_disable_breadcrumbs":"default","ocean_breadcrumbs_color":"","ocean_breadcrumbs_separator_color":"","ocean_breadcrumbs_links_color":"","ocean_breadcrumbs_links_hover_color":"","ocean_display_footer_widgets":"default","ocean_display_footer_bottom":"default","ocean_custom_footer_template":"0","ofc_meta_disable_footer_callout":"","ofc_meta_callout_button_url":"","ofc_meta_callout_button_txt":"","ofc_meta_callout_text":"","ofc_enable_fullscreen":"disable","ofc_fullscreen_speed":0,"ofc_fullscreen_nav":"enable","ofc_fullscreen_nav_pos":"right","ofc_fullscreen_nav_color":"","ofc_fullscreen_nav_tooltip_color":"","ofc_fullscreen_responsive":0,"osp_disable_panel":"default","osh_disable_topbar_sticky":"default","osh_disable_header_sticky":"default","osh_sticky_header_style":"default","osh_sticky_header_effect":"","osh_custom_sticky_logo":0,"osh_custom_retina_sticky_logo":0,"osh_custom_sticky_logo_height":0,"osh_background_color":"","osh_links_color":"","osh_links_hover_color":"","osh_links_active_color":"","osh_links_bg_color":"","osh_links_hover_bg_color":"","osh_links_active_bg_color":"","osh_menu_social_links_color":"","osh_menu_social_hover_links_color":"","footnotes":""},"class_list":["post-2330","page","type-page","status-publish","has-post-thumbnail","hentry","entry","has-media"],"_links":{"self":[{"href":"https:\/\/myleneriva.ca\/fr\/wp-json\/wp\/v2\/pages\/2330","targetHints":{"allow":["GET"]}}],"collection":[{"href":"https:\/\/myleneriva.ca\/fr\/wp-json\/wp\/v2\/pages"}],"about":[{"href":"https:\/\/myleneriva.ca\/fr\/wp-json\/wp\/v2\/types\/page"}],"author":[{"embeddable":true,"href":"https:\/\/myleneriva.ca\/fr\/wp-json\/wp\/v2\/users\/10"}],"replies":[{"embeddable":true,"href":"https:\/\/myleneriva.ca\/fr\/wp-json\/wp\/v2\/comments?post=2330"}],"version-history":[{"count":8,"href":"https:\/\/myleneriva.ca\/fr\/wp-json\/wp\/v2\/pages\/2330\/revisions"}],"predecessor-version":[{"id":2424,"href":"https:\/\/myleneriva.ca\/fr\/wp-json\/wp\/v2\/pages\/2330\/revisions\/2424"}],"wp:featuredmedia":[{"embeddable":true,"href":"https:\/\/myleneriva.ca\/fr\/wp-json\/wp\/v2\/media\/698"}],"wp:attachment":[{"href":"https:\/\/myleneriva.ca\/fr\/wp-json\/wp\/v2\/media?parent=2330"}],"curies":[{"name":"wp","href":"https:\/\/api.w.org\/{rel}","templated":true}]}}