{"id":2425,"date":"2024-09-18T14:24:16","date_gmt":"2024-09-18T18:24:16","guid":{"rendered":"https:\/\/myleneriva.ca\/?page_id=2425"},"modified":"2024-09-18T14:31:07","modified_gmt":"2024-09-18T18:31:07","slug":"housing-2","status":"publish","type":"page","link":"https:\/\/myleneriva.ca\/fr\/research\/housing-2\/","title":{"rendered":"Logement"},"content":{"rendered":"<h2>\n\t\tLogement\n\t<\/h2>\n\t<h3>At Home in the North<\/h3>\n<p><img fetchpriority=\"high\" decoding=\"async\" src=\"https:\/\/myleneriva.ca\/wp-content\/uploads\/2021\/01\/AHNorth-square-large-800x800-1.png\" width=\"300\" height=\"300\" align=\"right\" \/>This project aims to facilitate connections and collaborations between communities in the territorial and provincial Norths that are experiencing homelessness and housing insecurity. Bringing together partners across academia, government and advocacy, the project creates, shares and mobilizes knowledge on homelessness and housing insecurity. It identifies possibilities for culturally-safe, contextually-relevant housing creation and construction, housing programs, and wrap-around social supports for northerners experiencing housing insecurity and homelessness. In doing so, it expands understanding and fills knowledge gaps concerning northern homelessness and housing insecurity across Canada&#8217;s Norths and ultimately fills these gaps through the development of a Northern Housing Strategy.<\/p>\n<p>La professeure Riva fait partie du comit\u00e9 ex\u00e9cutif de ce projet et est coresponsable du domaine d'int\u00e9r\u00eat du volet de synth\u00e8se sur la sant\u00e9. Le projet est dirig\u00e9 par Julia Christensen, CRC en gouvernance et politique publique du Nord, et h\u00e9berg\u00e9 par l'universit\u00e9 Memorial de Terre-Neuve (MUN).<\/p>\n<ul>\n<li><strong>Partenaires<\/strong>: Northern and Indigenous Organizations and Community Partners | Academic Institutions | <a href=\"https:\/\/athomeinthenorth.org\/partners\/\" target=\"_blank\" rel=\"noopener\">View full list<\/a><\/li>\n<li><strong>Finacement<\/strong>: <a href=\"https:\/\/www.sshrc-crsh.gc.ca\/home-accueil-eng.aspx\" target=\"_blank\" rel=\"noopener\">Social Sciences and Humanities Research Council of Canada<\/a>, <a href=\"https:\/\/www.cmhc-schl.gc.ca\/\" target=\"_blank\" rel=\"noopener\">Canada Mortgage and Housing Association<\/a><\/li>\n<li><a href=\"https:\/\/athomeinthenorth.org\/\" target=\"_blank\" rel=\"noopener\">Site web du projet<\/a><\/li>\n<\/ul>\n\t<hr \/>\n<h3>Collectif canadien pour la recherche sur le logement<img decoding=\"async\" src=\"https:\/\/myleneriva.ca\/wp-content\/uploads\/2021\/02\/CHEC_CCRL4x-80-300x161.jpg\" alt=\"\" width=\"300\" height=\"161\" \/><\/h3>\n<p>The Canadian Housing Evidence Collaborative (CHEC) is the knowledge mobilization hub for the Collaborative Housing Research Network, a pan-Canadian, cross-sectoral network dedicated to providing the evidence needed to meet the goals of Canada&#8217;s National Housing Strategy. CHEC includes five nodes of research: Community Housing | Northern Housing | Housing for those in Greatest Need | Balanced Supply in Housing, and | Sustainable Housing.<\/p>\n<p>La professeure Riva fait partie du comit\u00e9 directeur et du groupe consultatif autochtone de ce projet. Elle est \u00e9galement pr\u00e9sidente du comit\u00e9 de soutien aux stagiaires pour l'objectif de recherche n\u00b0 3, qui vise \u00e0 renforcer, attirer et retenir rapidement les capacit\u00e9s de recherche dans le domaine du logement.<\/p>\n<ul>\n<li><strong>Partenaires<\/strong>: <a href=\"http:\/\/chec-ccrl.ca\/\" target=\"_blank\" rel=\"noopener\">View list<\/a><\/li>\n<li><strong>Finacement<\/strong>: <a href=\"https:\/\/www.sshrc-crsh.gc.ca\/home-accueil-eng.aspx\" target=\"_blank\" rel=\"noopener\">Social Sciences and Humanities Research Council of Canada<\/a>\u00a0|\u00a0<a href=\"https:\/\/www.cmhc-schl.gc.ca\/\" target=\"_blank\" rel=\"noopener\">Canada Mortgage and Housing Association<\/a><\/li>\n<li><a href=\"http:\/\/chec-ccrl.ca\/about-chec\/\" target=\"_blank\" rel=\"noopener\">Site web du projet<\/a><\/li>\n<\/ul>\n\t<h4>Photo de l'en-t\u00eate: Dr. Marie Baron<\/h4>","protected":false},"excerpt":{"rendered":"<p>Housing At Home in the North This project aims to facilitate connections and collaborations between communities in the territorial and provincial Norths that are experiencing homelessness and housing insecurity. Bringing together partners across academia, government and advocacy, the project creates, shares and mobilizes knowledge on homelessness and housing insecurity. It identifies possibilities for culturally-safe, contextually-relevant [&hellip;]<\/p>\n","protected":false},"author":10,"featured_media":0,"parent":158,"menu_order":3,"comment_status":"closed","ping_status":"closed","template":"elementor_header_footer","meta":{"ocean_post_layout":"","ocean_both_sidebars_style":"","ocean_both_sidebars_content_width":0,"ocean_both_sidebars_sidebars_width":0,"ocean_sidebar":"0","ocean_second_sidebar":"0","ocean_disable_margins":"enable","ocean_add_body_class":"","ocean_shortcode_before_top_bar":"","ocean_shortcode_after_top_bar":"","ocean_shortcode_before_header":"","ocean_shortcode_after_header":"","ocean_has_shortcode":"","ocean_shortcode_after_title":"","ocean_shortcode_before_footer_widgets":"","ocean_shortcode_after_footer_widgets":"","ocean_shortcode_before_footer_bottom":"","ocean_shortcode_after_footer_bottom":"","ocean_display_top_bar":"default","ocean_display_header":"default","ocean_header_style":"","ocean_center_header_left_menu":"0","ocean_custom_header_template":"0","ocean_custom_logo":0,"ocean_custom_retina_logo":0,"ocean_custom_logo_max_width":0,"ocean_custom_logo_tablet_max_width":0,"ocean_custom_logo_mobile_max_width":0,"ocean_custom_logo_max_height":0,"ocean_custom_logo_tablet_max_height":0,"ocean_custom_logo_mobile_max_height":0,"ocean_header_custom_menu":"0","ocean_menu_typo_font_family":"0","ocean_menu_typo_font_subset":"","ocean_menu_typo_font_size":0,"ocean_menu_typo_font_size_tablet":0,"ocean_menu_typo_font_size_mobile":0,"ocean_menu_typo_font_size_unit":"px","ocean_menu_typo_font_weight":"","ocean_menu_typo_font_weight_tablet":"","ocean_menu_typo_font_weight_mobile":"","ocean_menu_typo_transform":"","ocean_menu_typo_transform_tablet":"","ocean_menu_typo_transform_mobile":"","ocean_menu_typo_line_height":0,"ocean_menu_typo_line_height_tablet":0,"ocean_menu_typo_line_height_mobile":0,"ocean_menu_typo_line_height_unit":"","ocean_menu_typo_spacing":0,"ocean_menu_typo_spacing_tablet":0,"ocean_menu_typo_spacing_mobile":0,"ocean_menu_typo_spacing_unit":"","ocean_menu_link_color":"","ocean_menu_link_color_hover":"","ocean_menu_link_color_active":"","ocean_menu_link_background":"","ocean_menu_link_hover_background":"","ocean_menu_link_active_background":"","ocean_menu_social_links_bg":"","ocean_menu_social_hover_links_bg":"","ocean_menu_social_links_color":"","ocean_menu_social_hover_links_color":"","ocean_disable_title":"default","ocean_disable_heading":"default","ocean_post_title":"","ocean_post_subheading":"","ocean_post_title_style":"","ocean_post_title_background_color":"","ocean_post_title_background":0,"ocean_post_title_bg_image_position":"","ocean_post_title_bg_image_attachment":"","ocean_post_title_bg_image_repeat":"","ocean_post_title_bg_image_size":"","ocean_post_title_height":0,"ocean_post_title_bg_overlay":0.5,"ocean_post_title_bg_overlay_color":"","ocean_disable_breadcrumbs":"default","ocean_breadcrumbs_color":"","ocean_breadcrumbs_separator_color":"","ocean_breadcrumbs_links_color":"","ocean_breadcrumbs_links_hover_color":"","ocean_display_footer_widgets":"default","ocean_display_footer_bottom":"default","ocean_custom_footer_template":"0","ofc_meta_disable_footer_callout":"","ofc_meta_callout_button_url":"","ofc_meta_callout_button_txt":"","ofc_meta_callout_text":"","ofc_enable_fullscreen":"disable","ofc_fullscreen_speed":0,"ofc_fullscreen_nav":"enable","ofc_fullscreen_nav_pos":"right","ofc_fullscreen_nav_color":"","ofc_fullscreen_nav_tooltip_color":"","ofc_fullscreen_responsive":0,"osp_disable_panel":"default","osh_disable_topbar_sticky":"default","osh_disable_header_sticky":"default","osh_sticky_header_style":"default","osh_sticky_header_effect":"","osh_custom_sticky_logo":0,"osh_custom_retina_sticky_logo":0,"osh_custom_sticky_logo_height":0,"osh_background_color":"","osh_links_color":"","osh_links_hover_color":"","osh_links_active_color":"","osh_links_bg_color":"","osh_links_hover_bg_color":"","osh_links_active_bg_color":"","osh_menu_social_links_color":"","osh_menu_social_hover_links_color":"","footnotes":""},"class_list":["post-2425","page","type-page","status-publish","hentry","entry"],"_links":{"self":[{"href":"https:\/\/myleneriva.ca\/fr\/wp-json\/wp\/v2\/pages\/2425","targetHints":{"allow":["GET"]}}],"collection":[{"href":"https:\/\/myleneriva.ca\/fr\/wp-json\/wp\/v2\/pages"}],"about":[{"href":"https:\/\/myleneriva.ca\/fr\/wp-json\/wp\/v2\/types\/page"}],"author":[{"embeddable":true,"href":"https:\/\/myleneriva.ca\/fr\/wp-json\/wp\/v2\/users\/10"}],"replies":[{"embeddable":true,"href":"https:\/\/myleneriva.ca\/fr\/wp-json\/wp\/v2\/comments?post=2425"}],"version-history":[{"count":5,"href":"https:\/\/myleneriva.ca\/fr\/wp-json\/wp\/v2\/pages\/2425\/revisions"}],"predecessor-version":[{"id":2433,"href":"https:\/\/myleneriva.ca\/fr\/wp-json\/wp\/v2\/pages\/2425\/revisions\/2433"}],"up":[{"embeddable":true,"href":"https:\/\/myleneriva.ca\/fr\/wp-json\/wp\/v2\/pages\/158"}],"wp:attachment":[{"href":"https:\/\/myleneriva.ca\/fr\/wp-json\/wp\/v2\/media?parent=2425"}],"curies":[{"name":"wp","href":"https:\/\/api.w.org\/{rel}","templated":true}]}}