{"id":2450,"date":"2024-09-23T16:20:06","date_gmt":"2024-09-23T20:20:06","guid":{"rendered":"https:\/\/myleneriva.ca\/?page_id=2450"},"modified":"2026-04-28T13:44:55","modified_gmt":"2026-04-28T17:44:55","slug":"community-outreach-knowledge-mobilization","status":"publish","type":"page","link":"https:\/\/myleneriva.ca\/fr\/research\/community-outreach-knowledge-mobilization\/","title":{"rendered":"Sensibilisation et mobilisation des connaissances dans la communaut\u00e9"},"content":{"rendered":"<h2>\n\t\t\tDiffusion\t<\/h2>\n<h2>\n\t\t\t&#038; Knowledge Mobilization\t<\/h2>\n\t<hr \/>\n<h1 id=\"masters\">Diffusion<\/h1>\n<hr \/>\n\t<h3>Community Presentations &#8211; Bridgewater, Nova Scotia<\/h3>\n<p><em>Septembre<\/em> <em>2024<\/em><\/p>\n<p>Laurianne Debann\u00e9 (doctorante), Asia Benford (assistante de recherche) et Sophie Kutuka (associ\u00e9e de recherche) se sont rendues \u00e0 Bridgewater pour pr\u00e9senter \u00e0 la communaut\u00e9 les r\u00e9sultats des recherches men\u00e9es jusqu'\u00e0 pr\u00e9sent. Elles ont mis en place une galerie tout au long de la semaine dans le Lunenburg County Lifestyle Centre avec des \u00e9l\u00e9ments interactifs qui ont permis aux r\u00e9sidents de lire \u00e0 leur propre rythme. En outre, ils ont fait une pr\u00e9sentation d\u00e9taill\u00e9e tout au long de la semaine.<\/p>\n<p>Trouver les diapositives de la galerie (EN) <a href=\"https:\/\/www.canva.com\/design\/DAGQ8vBhcC4\/bW8rNqvnKAmk3bgxqNlRuA\/edit?utm_content=DAGQ8vBhcC4&amp;utm_campaign=designshare&amp;utm_medium=link2&amp;utm_source=sharebutton\">ici<\/a>.<\/p>\n<p><a href=\"https:\/\/myleneriva.ca\/fr\/2024\/10\/community-engagement-and-knowledge-translation-in-bridgewater\/\">En savoir plus.<\/a><\/p>\n<figure itemscope itemtype=\"https:\/\/schema.org\/ImageObject\">\n\t\t\t\t<a href=\"https:\/\/myleneriva.ca\/wp-content\/uploads\/2024\/09\/1000029239-scaled.jpg\"  target=\"_self\" itemprop=\"url\">\n\t\t\t\t<img loading=\"lazy\" decoding=\"async\" src=\"https:\/\/myleneriva.ca\/wp-content\/uploads\/2024\/09\/1000029239-scaled.jpg\" alt=\"1000029239\" height=\"2560\" width=\"1920\" title=\"1000029239\" onerror=\"this.style.display='none'\" \/>\n\t\t\t\t<\/a>\n\t<\/figure>\n<figure itemscope itemtype=\"https:\/\/schema.org\/ImageObject\">\n\t\t\t\t<a href=\"https:\/\/myleneriva.ca\/wp-content\/uploads\/2024\/09\/1000029278-scaled.jpg\"  target=\"_self\" itemprop=\"url\">\n\t\t\t\t<img loading=\"lazy\" decoding=\"async\" src=\"https:\/\/myleneriva.ca\/wp-content\/uploads\/2024\/09\/1000029278-scaled.jpg\" alt=\"1000029278\" height=\"1920\" width=\"2560\" title=\"1000029278\" onerror=\"this.style.display='none'\" \/>\n\t\t\t\t<\/a>\n\t<\/figure>\n<figure itemscope itemtype=\"https:\/\/schema.org\/ImageObject\">\n\t\t\t\t<img loading=\"lazy\" decoding=\"async\" src=\"https:\/\/myleneriva.ca\/wp-content\/uploads\/2024\/09\/Image1.jpg\" alt=\"Image1\" height=\"766\" width=\"1024\" title=\"Image1\" onerror=\"this.style.display='none'\" \/>\n\t<\/figure>\n\t<hr \/>\n<figure itemscope itemtype=\"https:\/\/schema.org\/ImageObject\">\n\t\t\t\t<a href=\"https:\/\/myleneriva.ca\/wp-content\/uploads\/2024\/09\/IMG-20240818-WA0007.jpg\"  target=\"_self\" itemprop=\"url\">\n\t\t\t\t<img loading=\"lazy\" decoding=\"async\" src=\"https:\/\/myleneriva.ca\/wp-content\/uploads\/2024\/09\/IMG-20240818-WA0007.jpg\" alt=\"August 2024 - Community outreach barbecue\" height=\"1200\" width=\"1600\" title=\"IMG-20240818-WA0007\" onerror=\"this.style.display='none'\" \/>\n\t\t\t\t<\/a>\n\t<\/figure>\n\t<h3>Community Barbecue &#8211; Tuktuyaktuk, Northwest Territories<\/h3>\n<p><em>Ao\u00fbt 2024<\/em><\/p>\n<p>Morgen Bertheussen (doctorante) et Lauren Traboulsee (assistante de recherche) se sont rendues \u00e0 Tuktuyaktuk en ao\u00fbt afin de recueillir des r\u00e9ponses pour une enqu\u00eate sur la sant\u00e9 communautaire et l'adaptation au changement climatique. Pour faire connaissance avec les membres de la communaut\u00e9, ils ont organis\u00e9 un barbecue \u00e0 la pointe.<\/p>\n\t<hr \/>\n<h1 id=\"masters\">Rapports et communications<\/h1>\n<hr \/>\n<figure itemscope itemtype=\"https:\/\/schema.org\/ImageObject\">\n\t\t\t\t<a href=\"https:\/\/myleneriva.ca\/wp-content\/uploads\/2026\/04\/PRISE_Parcours-de-vie_Rapport-FINAL.pdf\"  target=\"_blank\" rel=\"noopener\"  itemprop=\"url\">\n\t\t\t\t<img loading=\"lazy\" decoding=\"async\" src=\"https:\/\/myleneriva.ca\/wp-content\/uploads\/2026\/04\/image.png\" alt=\"image\" height=\"716\" width=\"553\" title=\"image\" onerror=\"this.style.display='none'\" \/>\n\t\t\t\t<\/a>\n\t<\/figure>\n<figure itemscope itemtype=\"https:\/\/schema.org\/ImageObject\">\n\t\t\t\t<a href=\"https:\/\/myleneriva.ca\/wp-content\/uploads\/2025\/04\/Service_Providers.pdf\"  target=\"_blank\" rel=\"noopener\"  itemprop=\"url\">\n\t\t\t\t<img loading=\"lazy\" decoding=\"async\" src=\"https:\/\/myleneriva.ca\/wp-content\/uploads\/2025\/04\/Screenshot-2025-04-22-at-9.34.20\u202fAM.png\" alt=\"Screenshot 2025-04-22 at 9.34.20\u202fAM\" height=\"1770\" width=\"1368\" title=\"Screenshot 2025-04-22 at 9.34.20\u202fAM\" onerror=\"this.style.display='none'\" \/>\n\t\t\t\t<\/a>\n\t<\/figure>\n<figure itemscope itemtype=\"https:\/\/schema.org\/ImageObject\">\n\t\t\t\t<a href=\"https:\/\/myleneriva.ca\/wp-content\/uploads\/2025\/12\/PRISE_Entretiens-ACEF_-rapport-final.pdf\"  target=\"_blank\" rel=\"noopener\"  itemprop=\"url\">\n\t\t\t\t<img loading=\"lazy\" decoding=\"async\" src=\"https:\/\/myleneriva.ca\/wp-content\/uploads\/2025\/12\/PRISE_header-1.png\" alt=\"PRISE_header\" height=\"1378\" width=\"1074\" title=\"PRISE_header\" onerror=\"this.style.display='none'\" \/>\n\t\t\t\t<\/a>\n\t<\/figure>\n<figure itemscope itemtype=\"https:\/\/schema.org\/ImageObject\">\n\t\t\t\t<a href=\"https:\/\/myleneriva.ca\/wp-content\/uploads\/2025\/04\/Lived_Experience.pdf\"  target=\"_blank\" rel=\"noopener\"  itemprop=\"url\">\n\t\t\t\t<img loading=\"lazy\" decoding=\"async\" src=\"https:\/\/myleneriva.ca\/wp-content\/uploads\/2025\/04\/Screenshot-2025-04-22-at-9.34.38\u202fAM.png\" alt=\"Screenshot 2025-04-22 at 9.34.38\u202fAM\" height=\"1768\" width=\"1366\" title=\"Screenshot 2025-04-22 at 9.34.38\u202fAM\" onerror=\"this.style.display='none'\" \/>\n\t\t\t\t<\/a>\n\t<\/figure>\n<figure itemscope itemtype=\"https:\/\/schema.org\/ImageObject\">\n\t\t\t\t<a href=\"https:\/\/static1.squarespace.com\/static\/618a847db0da28769687653a\/t\/6441280ff292784ad1a367ae\/1681991705809\/Energy+Needs+Housing+Wellbeing+in+Bridgewater+Final+Report.pdf\"  target=\"_blank\" rel=\"noopener\"  itemprop=\"url\">\n\t\t\t\t<img loading=\"lazy\" decoding=\"async\" src=\"https:\/\/myleneriva.ca\/wp-content\/uploads\/2024\/09\/cover.png\" alt=\"Now that Energize Bridgewater is operational - linking residents with incentives, assistance, and renovation expertise for energy upgrades - a team of researchers from McGill University will spend the next several years measuring the impacts of Energize Bridgewater on health and well-being.April 21, 2023\" height=\"783\" width=\"599\" title=\"cover\" onerror=\"this.style.display='none'\" \/>\n\t\t\t\t<\/a>\n\t<\/figure>\n<figure itemscope itemtype=\"https:\/\/schema.org\/ImageObject\">\n\t\t\t\t<a href=\"https:\/\/myleneriva.ca\/wp-content\/uploads\/2025\/03\/Nuna-Interviews_-Report-_-Digital-FINAL.pdf\"  target=\"_blank\" rel=\"noopener\"  itemprop=\"url\">\n\t\t\t\t<img loading=\"lazy\" decoding=\"async\" src=\"https:\/\/myleneriva.ca\/wp-content\/uploads\/2025\/03\/Capture3.png\" alt=\"Community Voices Report\" height=\"703\" width=\"540\" title=\"Community Voices Report\" onerror=\"this.style.display='none'\" \/>\n\t\t\t\t<\/a>\n\t<\/figure>\n\t<hr \/>\n<h1 id=\"masters\">Repr\u00e9sentations visuelles<\/h1>\n<hr \/>\n\t<h3><a href=\"https:\/\/myleneriva.ca\/wp-content\/uploads\/2025\/12\/Precarite-Energetique-Corrected-FINAL.pdf\">Illustration d\u00e9crivant l'enjeu de la <em>pr\u00e9carit\u00e9 \u00e9nerg\u00e9tique<\/em><\/a><\/h3>\n<figure itemscope itemtype=\"https:\/\/schema.org\/ImageObject\">\n\t\t\t\t<a href=\"https:\/\/myleneriva.ca\/wp-content\/uploads\/2025\/12\/Precarite-Energetique-Corrected-FINAL-scaled.png\"  target=\"_blank\" rel=\"noopener\"  itemprop=\"url\">\n\t\t\t\t<img loading=\"lazy\" decoding=\"async\" src=\"https:\/\/myleneriva.ca\/wp-content\/uploads\/2025\/12\/Precarite-Energetique-Corrected-FINAL-scaled.png\" alt=\"Pre\u0301carite\u0301 E\u0301nerge\u0301tique Corrected FINAL\" height=\"1919\" width=\"2560\" title=\"Pre\u0301carite\u0301 E\u0301nerge\u0301tique Corrected FINAL\" onerror=\"this.style.display='none'\" \/>\n\t\t\t\t<\/a>\n\t<\/figure>\n\t<h3>_____________<\/h3>\n\t<h3><a href=\"https:\/\/myleneriva.ca\/fr\/2021\/04\/new-illustrations-highlight-results-from-study-on-the-impacts-of-social-housing-construction-in-inuit-communities\/#Illustration1\">Illustrations des r\u00e9sultats d'une \u00e9tude sur les impacts de la construction de logements sociaux dans les communaut\u00e9s inuites<\/a><\/h3>\n<figure itemscope itemtype=\"https:\/\/schema.org\/ImageObject\">\n\t\t\t\t<a href=\"https:\/\/myleneriva.ca\/wp-content\/uploads\/2021\/03\/ENG_p.1-scaled.jpg\"  target=\"_self\" itemprop=\"url\">\n\t\t\t\t<img loading=\"lazy\" decoding=\"async\" src=\"https:\/\/myleneriva.ca\/wp-content\/uploads\/2021\/03\/ENG_p.1-scaled.jpg\" alt=\"Page 1. Click to expand.\" height=\"2560\" width=\"1978\" title=\"ENG_p.1\" onerror=\"this.style.display='none'\" \/>\n\t\t\t\t<\/a>\n\t<\/figure>\n<figure itemscope itemtype=\"https:\/\/schema.org\/ImageObject\">\n\t\t\t\t<a href=\"https:\/\/myleneriva.ca\/wp-content\/uploads\/2021\/03\/ENG_p.2-scaled.jpg\"  target=\"_self\" itemprop=\"url\">\n\t\t\t\t<img loading=\"lazy\" decoding=\"async\" src=\"https:\/\/myleneriva.ca\/wp-content\/uploads\/2021\/03\/ENG_p.2-scaled.jpg\" alt=\"Page 2. Click to expand.\" height=\"2560\" width=\"1978\" title=\"ENG_p.2\" onerror=\"this.style.display='none'\" \/>\n\t\t\t\t<\/a>\n\t<\/figure>\n\t<h4>Photo de l'en-t\u00eate: Dr. Marie Baron<\/h4>","protected":false},"excerpt":{"rendered":"<p>Community Outreach &#038; Knowledge Mobilization Community Outreach Community Presentations &#8211; Bridgewater, Nova Scotia September 2024 Laurianne Debann\u00e9 (PhD Student), Asia Benford (Research Assistant), and Sophie Kutuka (Research Associate) travelled to Bridgewater to present findings from research thus far back to the community. They set up a gallery walk throughout the week in the Lunenburg County [&hellip;]<\/p>\n","protected":false},"author":10,"featured_media":0,"parent":158,"menu_order":1,"comment_status":"closed","ping_status":"closed","template":"elementor_header_footer","meta":{"ocean_post_layout":"","ocean_both_sidebars_style":"","ocean_both_sidebars_content_width":0,"ocean_both_sidebars_sidebars_width":0,"ocean_sidebar":"0","ocean_second_sidebar":"0","ocean_disable_margins":"enable","ocean_add_body_class":"","ocean_shortcode_before_top_bar":"","ocean_shortcode_after_top_bar":"","ocean_shortcode_before_header":"","ocean_shortcode_after_header":"","ocean_has_shortcode":"","ocean_shortcode_after_title":"","ocean_shortcode_before_footer_widgets":"","ocean_shortcode_after_footer_widgets":"","ocean_shortcode_before_footer_bottom":"","ocean_shortcode_after_footer_bottom":"","ocean_display_top_bar":"default","ocean_display_header":"default","ocean_header_style":"","ocean_center_header_left_menu":"0","ocean_custom_header_template":"0","ocean_custom_logo":0,"ocean_custom_retina_logo":0,"ocean_custom_logo_max_width":0,"ocean_custom_logo_tablet_max_width":0,"ocean_custom_logo_mobile_max_width":0,"ocean_custom_logo_max_height":0,"ocean_custom_logo_tablet_max_height":0,"ocean_custom_logo_mobile_max_height":0,"ocean_header_custom_menu":"0","ocean_menu_typo_font_family":"0","ocean_menu_typo_font_subset":"","ocean_menu_typo_font_size":0,"ocean_menu_typo_font_size_tablet":0,"ocean_menu_typo_font_size_mobile":0,"ocean_menu_typo_font_size_unit":"px","ocean_menu_typo_font_weight":"","ocean_menu_typo_font_weight_tablet":"","ocean_menu_typo_font_weight_mobile":"","ocean_menu_typo_transform":"","ocean_menu_typo_transform_tablet":"","ocean_menu_typo_transform_mobile":"","ocean_menu_typo_line_height":0,"ocean_menu_typo_line_height_tablet":0,"ocean_menu_typo_line_height_mobile":0,"ocean_menu_typo_line_height_unit":"","ocean_menu_typo_spacing":0,"ocean_menu_typo_spacing_tablet":0,"ocean_menu_typo_spacing_mobile":0,"ocean_menu_typo_spacing_unit":"","ocean_menu_link_color":"","ocean_menu_link_color_hover":"","ocean_menu_link_color_active":"","ocean_menu_link_background":"","ocean_menu_link_hover_background":"","ocean_menu_link_active_background":"","ocean_menu_social_links_bg":"","ocean_menu_social_hover_links_bg":"","ocean_menu_social_links_color":"","ocean_menu_social_hover_links_color":"","ocean_disable_title":"default","ocean_disable_heading":"default","ocean_post_title":"","ocean_post_subheading":"","ocean_post_title_style":"","ocean_post_title_background_color":"","ocean_post_title_background":0,"ocean_post_title_bg_image_position":"","ocean_post_title_bg_image_attachment":"","ocean_post_title_bg_image_repeat":"","ocean_post_title_bg_image_size":"","ocean_post_title_height":0,"ocean_post_title_bg_overlay":0.5,"ocean_post_title_bg_overlay_color":"","ocean_disable_breadcrumbs":"default","ocean_breadcrumbs_color":"","ocean_breadcrumbs_separator_color":"","ocean_breadcrumbs_links_color":"","ocean_breadcrumbs_links_hover_color":"","ocean_display_footer_widgets":"default","ocean_display_footer_bottom":"default","ocean_custom_footer_template":"0","ofc_meta_disable_footer_callout":"","ofc_meta_callout_button_url":"","ofc_meta_callout_button_txt":"","ofc_meta_callout_text":"","ofc_enable_fullscreen":"disable","ofc_fullscreen_speed":0,"ofc_fullscreen_nav":"enable","ofc_fullscreen_nav_pos":"right","ofc_fullscreen_nav_color":"","ofc_fullscreen_nav_tooltip_color":"","ofc_fullscreen_responsive":0,"osp_disable_panel":"default","osh_disable_topbar_sticky":"default","osh_disable_header_sticky":"default","osh_sticky_header_style":"default","osh_sticky_header_effect":"","osh_custom_sticky_logo":0,"osh_custom_retina_sticky_logo":0,"osh_custom_sticky_logo_height":0,"osh_background_color":"","osh_links_color":"","osh_links_hover_color":"","osh_links_active_color":"","osh_links_bg_color":"","osh_links_hover_bg_color":"","osh_links_active_bg_color":"","osh_menu_social_links_color":"","osh_menu_social_hover_links_color":"","footnotes":""},"class_list":["post-2450","page","type-page","status-publish","hentry","entry"],"_links":{"self":[{"href":"https:\/\/myleneriva.ca\/fr\/wp-json\/wp\/v2\/pages\/2450","targetHints":{"allow":["GET"]}}],"collection":[{"href":"https:\/\/myleneriva.ca\/fr\/wp-json\/wp\/v2\/pages"}],"about":[{"href":"https:\/\/myleneriva.ca\/fr\/wp-json\/wp\/v2\/types\/page"}],"author":[{"embeddable":true,"href":"https:\/\/myleneriva.ca\/fr\/wp-json\/wp\/v2\/users\/10"}],"replies":[{"embeddable":true,"href":"https:\/\/myleneriva.ca\/fr\/wp-json\/wp\/v2\/comments?post=2450"}],"version-history":[{"count":13,"href":"https:\/\/myleneriva.ca\/fr\/wp-json\/wp\/v2\/pages\/2450\/revisions"}],"predecessor-version":[{"id":2641,"href":"https:\/\/myleneriva.ca\/fr\/wp-json\/wp\/v2\/pages\/2450\/revisions\/2641"}],"up":[{"embeddable":true,"href":"https:\/\/myleneriva.ca\/fr\/wp-json\/wp\/v2\/pages\/158"}],"wp:attachment":[{"href":"https:\/\/myleneriva.ca\/fr\/wp-json\/wp\/v2\/media?parent=2450"}],"curies":[{"name":"wp","href":"https:\/\/api.w.org\/{rel}","templated":true}]}}