{"id":632,"date":"2017-08-28T16:46:47","date_gmt":"2017-08-28T20:46:47","guid":{"rendered":"https:\/\/myleneriva.ca\/?page_id=632"},"modified":"2024-09-18T14:12:24","modified_gmt":"2024-09-18T18:12:24","slug":"teaching","status":"publish","type":"page","link":"https:\/\/myleneriva.ca\/fr\/teaching\/","title":{"rendered":"Enseignement"},"content":{"rendered":"<h2>Enseignement<\/h2>\n\t<p>&nbsp;<\/p>\n<h2>GEOG 303 Health Geography<\/h2>\n<h3>Session d'hiver<\/h3>\n<p>Ce cours offre une introduction au domaine de la g\u00e9ographie de la sant\u00e9 qui consid\u00e8re les questions de sant\u00e9 et de soins de sant\u00e9 d'un point de vue environnemental et spatial.<\/p>\n\t<p>&nbsp;<\/p>\n<h2>GEOG 503 Advanced Topics in Health Geography<\/h2>\n<h3>Session d'automne<\/h3>\n<p>Ce cours sous forme de s\u00e9minaire propose un examen critique de sujets avanc\u00e9s en g\u00e9ographie de la sant\u00e9, y compris des perspectives sur les d\u00e9terminants environnementaux et sociaux de la sant\u00e9 et des maladies chroniques.<\/p>\n\t<h4>Photo de l'en-t\u00eate: Dr. Marie Baron<\/h4>","protected":false},"excerpt":{"rendered":"<p>Teaching &nbsp; GEOG 303 Health Geography Winter semester This course offers an introduction to the field of the health geography which considers health and health care issues from environmental and spatial perspectives. &nbsp; GEOG 503 Advanced Topics in Health Geography Fall semester This seminar-based course provides a critical review of advanced topics in health geography, [&hellip;]<\/p>\n","protected":false},"author":8,"featured_media":0,"parent":0,"menu_order":0,"comment_status":"closed","ping_status":"closed","template":"elementor_header_footer","meta":{"ocean_post_layout":"","ocean_both_sidebars_style":"","ocean_both_sidebars_content_width":0,"ocean_both_sidebars_sidebars_width":0,"ocean_sidebar":"0","ocean_second_sidebar":"0","ocean_disable_margins":"enable","ocean_add_body_class":"","ocean_shortcode_before_top_bar":"","ocean_shortcode_after_top_bar":"","ocean_shortcode_before_header":"","ocean_shortcode_after_header":"","ocean_has_shortcode":"","ocean_shortcode_after_title":"","ocean_shortcode_before_footer_widgets":"","ocean_shortcode_after_footer_widgets":"","ocean_shortcode_before_footer_bottom":"","ocean_shortcode_after_footer_bottom":"","ocean_display_top_bar":"default","ocean_display_header":"default","ocean_header_style":"","ocean_center_header_left_menu":"0","ocean_custom_header_template":"0","ocean_custom_logo":0,"ocean_custom_retina_logo":0,"ocean_custom_logo_max_width":0,"ocean_custom_logo_tablet_max_width":0,"ocean_custom_logo_mobile_max_width":0,"ocean_custom_logo_max_height":0,"ocean_custom_logo_tablet_max_height":0,"ocean_custom_logo_mobile_max_height":0,"ocean_header_custom_menu":"0","ocean_menu_typo_font_family":"0","ocean_menu_typo_font_subset":"","ocean_menu_typo_font_size":0,"ocean_menu_typo_font_size_tablet":0,"ocean_menu_typo_font_size_mobile":0,"ocean_menu_typo_font_size_unit":"px","ocean_menu_typo_font_weight":"","ocean_menu_typo_font_weight_tablet":"","ocean_menu_typo_font_weight_mobile":"","ocean_menu_typo_transform":"","ocean_menu_typo_transform_tablet":"","ocean_menu_typo_transform_mobile":"","ocean_menu_typo_line_height":0,"ocean_menu_typo_line_height_tablet":0,"ocean_menu_typo_line_height_mobile":0,"ocean_menu_typo_line_height_unit":"","ocean_menu_typo_spacing":0,"ocean_menu_typo_spacing_tablet":0,"ocean_menu_typo_spacing_mobile":0,"ocean_menu_typo_spacing_unit":"","ocean_menu_link_color":"","ocean_menu_link_color_hover":"","ocean_menu_link_color_active":"","ocean_menu_link_background":"","ocean_menu_link_hover_background":"","ocean_menu_link_active_background":"","ocean_menu_social_links_bg":"","ocean_menu_social_hover_links_bg":"","ocean_menu_social_links_color":"","ocean_menu_social_hover_links_color":"","ocean_disable_title":"default","ocean_disable_heading":"default","ocean_post_title":"","ocean_post_subheading":"","ocean_post_title_style":"","ocean_post_title_background_color":"","ocean_post_title_background":0,"ocean_post_title_bg_image_position":"","ocean_post_title_bg_image_attachment":"","ocean_post_title_bg_image_repeat":"","ocean_post_title_bg_image_size":"","ocean_post_title_height":0,"ocean_post_title_bg_overlay":0.5,"ocean_post_title_bg_overlay_color":"","ocean_disable_breadcrumbs":"default","ocean_breadcrumbs_color":"","ocean_breadcrumbs_separator_color":"","ocean_breadcrumbs_links_color":"","ocean_breadcrumbs_links_hover_color":"","ocean_display_footer_widgets":"default","ocean_display_footer_bottom":"default","ocean_custom_footer_template":"0","ofc_meta_disable_footer_callout":"","ofc_meta_callout_button_url":"","ofc_meta_callout_button_txt":"","ofc_meta_callout_text":"","ofc_enable_fullscreen":"disable","ofc_fullscreen_speed":0,"ofc_fullscreen_nav":"enable","ofc_fullscreen_nav_pos":"right","ofc_fullscreen_nav_color":"","ofc_fullscreen_nav_tooltip_color":"","ofc_fullscreen_responsive":0,"osp_disable_panel":"default","osh_disable_topbar_sticky":"default","osh_disable_header_sticky":"default","osh_sticky_header_style":"default","osh_sticky_header_effect":"","osh_custom_sticky_logo":0,"osh_custom_retina_sticky_logo":0,"osh_custom_sticky_logo_height":0,"osh_background_color":"","osh_links_color":"","osh_links_hover_color":"","osh_links_active_color":"","osh_links_bg_color":"","osh_links_hover_bg_color":"","osh_links_active_bg_color":"","osh_menu_social_links_color":"","osh_menu_social_hover_links_color":"","footnotes":""},"class_list":["post-632","page","type-page","status-publish","hentry","entry"],"_links":{"self":[{"href":"https:\/\/myleneriva.ca\/fr\/wp-json\/wp\/v2\/pages\/632","targetHints":{"allow":["GET"]}}],"collection":[{"href":"https:\/\/myleneriva.ca\/fr\/wp-json\/wp\/v2\/pages"}],"about":[{"href":"https:\/\/myleneriva.ca\/fr\/wp-json\/wp\/v2\/types\/page"}],"author":[{"embeddable":true,"href":"https:\/\/myleneriva.ca\/fr\/wp-json\/wp\/v2\/users\/8"}],"replies":[{"embeddable":true,"href":"https:\/\/myleneriva.ca\/fr\/wp-json\/wp\/v2\/comments?post=632"}],"version-history":[{"count":19,"href":"https:\/\/myleneriva.ca\/fr\/wp-json\/wp\/v2\/pages\/632\/revisions"}],"predecessor-version":[{"id":2423,"href":"https:\/\/myleneriva.ca\/fr\/wp-json\/wp\/v2\/pages\/632\/revisions\/2423"}],"wp:attachment":[{"href":"https:\/\/myleneriva.ca\/fr\/wp-json\/wp\/v2\/media?parent=632"}],"curies":[{"name":"wp","href":"https:\/\/api.w.org\/{rel}","templated":true}]}}